{"id":698,"date":"2024-03-27T11:36:22","date_gmt":"2024-03-27T11:36:22","guid":{"rendered":"https:\/\/monicagomezlois.com\/politica-de-privacidade\/"},"modified":"2024-04-18T08:40:11","modified_gmt":"2024-04-18T08:40:11","slug":"politica-de-privacidade","status":"publish","type":"page","link":"https:\/\/monicagomezlois.com\/gl\/politica-de-privacidade\/","title":{"rendered":"Pol\u00edtica de Privacidade"},"content":{"rendered":"\n<p>Data da \u00faltima actualizaci\u00f3n: 13\/04\/2024<\/p>\n\n<p>En cumprimento do disposto no Regulamento (UE) 2016\/679 do Parlamento Europeo e do Consello, do 27 de abril de 2016, relativo \u00e1 protecci\u00f3n das persoas f\u00edsicas no que se refire ao tratamento de datos persoais e \u00e1 libre circulaci\u00f3n destes datos ( en diante, RGPD), as\u00ed como na normativa nacional aplicable, os usuarios do sitio web son informados sobre a pol\u00edtica de privacidade relativa ao tratamento e protecci\u00f3n dos datos persoais dos usuarios que se poidan recoller durante a navegaci\u00f3n, mediante o uso de formularios de contacto, subscrici\u00f3n ou calquera outro medio similar.<\/p>\n\n<p><strong>RESPONSABLE DO TRATAMENTO<\/strong><\/p>\n\n<p>A responsable do tratamento dos datos persoais recollidos a trav\u00e9s deste sitio web \u00e9 M\u00f3nica G\u00f3mez Lois, con NIF 33348554A e domicilio social en C\/ Calvo Sotelo, no 128, entlo. A, 27600 Sarria (Lugo), que garante o cumprimento da normativa de protecci\u00f3n de datos.<\/p>\n\n<p><strong>FINALIDADE DO TRATAMENTO<\/strong><\/p>\n\n<p>Os datos persoais facilitados a trav\u00e9s deste sitio web ser\u00e1n tratados coa finalidade de xestionar a relaci\u00f3n comercial e\/ou profesional establecida, as\u00ed como para prestar os servizos contratados e enviar informaci\u00f3n relevante sobre actividades, eventos ou novidades relacionadas cos servizos ofertados.<\/p>\n\n<p><strong>LEXITIMACI\u00d3N DO TRATAMENTO<\/strong><\/p>\n\n<p>A lexitimidade para o tratamento dos datos bas\u00e9ase no consentimento do usuario, as\u00ed como no interese lex\u00edtimo do responsable do tratamento en manter relaci\u00f3ns profesionais e\/ou comerciais cos usuarios do sitio web.<\/p>\n\n<p><strong>DESTINATARIOS DOS DATOS<\/strong><\/p>\n\n<p>Os datos persoais non ser\u00e1n cedidos a terceiros, salvo obriga legal ou autorizaci\u00f3n expresa do usuario.<\/p>\n\n<p><strong>DEREITOS DO USUARIO<\/strong><\/p>\n\n<p>Os usuarios poder\u00e1n exercer os seus dereitos de acceso, rectificaci\u00f3n, cancelaci\u00f3n, oposici\u00f3n, portabilidade e limitaci\u00f3n do tratamento, as\u00ed como o dereito a non ser obxecto de decisi\u00f3ns automatizadas, mediante comunicaci\u00f3n escrita dirixida ao responsable do tratamento no enderezo indicado anteriormente, acompa\u00f1ada mediante copia do documento oficial que acredite a s\u00faa identidade.<\/p>\n\n<p><strong>MEDIDAS DE SEGURIDADE<\/strong><\/p>\n\n<p>Adopt\u00e1ronse as medidas t\u00e9cnicas e organizativas necesarias para garantir a seguridade dos datos persoais e evitar a s\u00faa alteraci\u00f3n, perda, tratamento ou acceso non autorizado, tendo en conta o estado da tecnolox\u00eda, a natureza dos datos almacenados e os riscos para quen se vexa exposto. .<\/p>\n\n<p><strong>MODIFICACI\u00d3NS NA POL\u00cdTICA DE PRIVACIDADE<\/strong><\/p>\n\n<p>O responsable do tratamento res\u00e9rvase o dereito a modificar esta pol\u00edtica de privacidade para adaptala \u00e1s novidades lexislativas ou xurisprudenciais, as\u00ed como \u00e1s pr\u00e1cticas do sector. En caso de modificaci\u00f3n, a versi\u00f3n actualizada publicarase neste sitio web.<\/p>\n","protected":false},"excerpt":{"rendered":"<p>Data da \u00faltima actualizaci\u00f3n: 13\/04\/2024 En cumprimento do disposto no Regulamento (UE) 2016\/679 do Parlamento Europeo e do Consello, do 27 de abril de 2016, relativo \u00e1 protecci\u00f3n das persoas f\u00edsicas no que se refire ao tratamento de datos persoais e \u00e1 libre circulaci\u00f3n destes datos ( en diante, RGPD), as\u00ed como na normativa nacional [&hellip;]<\/p>\n","protected":false},"author":1,"featured_media":0,"parent":0,"menu_order":0,"comment_status":"closed","ping_status":"closed","template":"","meta":{"footnotes":""},"class_list":["post-698","page","type-page","status-publish","hentry"],"_links":{"self":[{"href":"https:\/\/monicagomezlois.com\/gl\/wp-json\/wp\/v2\/pages\/698","targetHints":{"allow":["GET"]}}],"collection":[{"href":"https:\/\/monicagomezlois.com\/gl\/wp-json\/wp\/v2\/pages"}],"about":[{"href":"https:\/\/monicagomezlois.com\/gl\/wp-json\/wp\/v2\/types\/page"}],"author":[{"embeddable":true,"href":"https:\/\/monicagomezlois.com\/gl\/wp-json\/wp\/v2\/users\/1"}],"replies":[{"embeddable":true,"href":"https:\/\/monicagomezlois.com\/gl\/wp-json\/wp\/v2\/comments?post=698"}],"version-history":[{"count":0,"href":"https:\/\/monicagomezlois.com\/gl\/wp-json\/wp\/v2\/pages\/698\/revisions"}],"wp:attachment":[{"href":"https:\/\/monicagomezlois.com\/gl\/wp-json\/wp\/v2\/media?parent=698"}],"curies":[{"name":"wp","href":"https:\/\/api.w.org\/{rel}","templated":true}]}}